{"id":8287,"date":"2024-10-28T15:19:50","date_gmt":"2024-10-28T14:19:50","guid":{"rendered":"https:\/\/termasdepanimavida.cl\/2024\/?page_id=8287"},"modified":"2025-05-14T21:09:08","modified_gmt":"2025-05-14T19:09:08","slug":"experiencias","status":"publish","type":"page","link":"https:\/\/termasdepanimavida.cl\/esp\/experiencias\/","title":{"rendered":"experiencias"},"content":{"rendered":"\t\t<div data-elementor-type=\"wp-page\" data-elementor-id=\"8287\" class=\"elementor elementor-8287\">\n\t\t\t\t<div class=\"elementor-element elementor-element-4dc4ee6 e-flex e-con-boxed e-con e-parent\" data-id=\"4dc4ee6\" data-element_type=\"container\">\n\t\t\t\t\t<div class=\"e-con-inner\">\n\t\t\t\t<div class=\"elementor-element elementor-element-ec8ccd0 elementor-widget elementor-widget-cs_title\" data-id=\"ec8ccd0\" data-element_type=\"widget\" data-widget_type=\"cs_title.default\">\n\t\t\t\t<div class=\"elementor-widget-container\">\n\t\t\t\t\t\n        <div class=\"cs-title-wrap text-center\">\t            <h4 class=\"cs-title\">\n\t                Vive tu pr\u00f3xima experiencia con nosotros.\t            <\/h4>        <\/div>\t\t\t\t<\/div>\n\t\t\t\t<\/div>\n\t\t\t\t\t<\/div>\n\t\t\t\t<\/div>\n\t\t<div class=\"elementor-element elementor-element-2f4bc4d e-grid e-con-boxed e-con e-parent\" data-id=\"2f4bc4d\" data-element_type=\"container\">\n\t\t\t\t\t<div class=\"e-con-inner\">\n\t\t\t\t<div class=\"elementor-element elementor-element-279de5b elementor-widget elementor-widget-cs_call_to_action\" data-id=\"279de5b\" data-element_type=\"widget\" data-widget_type=\"cs_call_to_action.default\">\n\t\t\t\t<div class=\"elementor-widget-container\">\n\t\t\t\t\t\n\t\t<div class=\"cs-cta cta-layout-text-overlap content-middle text-center cta-hover-img-zoom\">\n            <div class=\"cs-cta-wrap\">\t\t               \t<div class=\"cs-cta-img\">\n\t\t                    <img fetchpriority=\"high\" decoding=\"async\" width=\"2560\" height=\"1696\" src=\"https:\/\/termasdepanimavida.cl\/esp\/wp-content\/uploads\/2024\/04\/DSC_4376-scaled.jpg\" class=\"attachment-full size-full wp-image-2188\" alt=\"\" srcset=\"https:\/\/termasdepanimavida.cl\/esp\/wp-content\/uploads\/2024\/04\/DSC_4376-scaled.jpg 2560w, https:\/\/termasdepanimavida.cl\/esp\/wp-content\/uploads\/2024\/04\/DSC_4376-300x199.jpg 300w, https:\/\/termasdepanimavida.cl\/esp\/wp-content\/uploads\/2024\/04\/DSC_4376-1024x678.jpg 1024w, https:\/\/termasdepanimavida.cl\/esp\/wp-content\/uploads\/2024\/04\/DSC_4376-768x509.jpg 768w, https:\/\/termasdepanimavida.cl\/esp\/wp-content\/uploads\/2024\/04\/DSC_4376-1536x1017.jpg 1536w, https:\/\/termasdepanimavida.cl\/esp\/wp-content\/uploads\/2024\/04\/DSC_4376-2048x1356.jpg 2048w, https:\/\/termasdepanimavida.cl\/esp\/wp-content\/uploads\/2024\/04\/DSC_4376-1920x1272.jpg 1920w, https:\/\/termasdepanimavida.cl\/esp\/wp-content\/uploads\/2024\/04\/DSC_4376-1440x954.jpg 1440w, https:\/\/termasdepanimavida.cl\/esp\/wp-content\/uploads\/2024\/04\/DSC_4376-1200x795.jpg 1200w, https:\/\/termasdepanimavida.cl\/esp\/wp-content\/uploads\/2024\/04\/DSC_4376-780x517.jpg 780w, https:\/\/termasdepanimavida.cl\/esp\/wp-content\/uploads\/2024\/04\/DSC_4376-600x397.jpg 600w, https:\/\/termasdepanimavida.cl\/esp\/wp-content\/uploads\/2024\/04\/DSC_4376-550x364.jpg 550w, https:\/\/termasdepanimavida.cl\/esp\/wp-content\/uploads\/2024\/04\/DSC_4376-370x245.jpg 370w, https:\/\/termasdepanimavida.cl\/esp\/wp-content\/uploads\/2024\/04\/DSC_4376-255x169.jpg 255w, https:\/\/termasdepanimavida.cl\/esp\/wp-content\/uploads\/2024\/04\/DSC_4376-150x99.jpg 150w\" sizes=\"(max-width: 2560px) 100vw, 2560px\" \/>\t\t                <\/div>                <div class=\"cs-cta-overlay\"><\/div>                \t<div class=\"cs-cta-label label-centered\">\n\t\t\t\t\t   <div class=\"cs-cta-label-text\">GASTRONOM\u00cdA<\/div>\n\t\t\t\t\t<\/div>\n                <div class=\"cs-cta-content\">\t\t\t<\/div>                <a class=\"cs-cta-link\" href=\"https:\/\/www.youtube.com\/watch?v=atlQsbVK88w\" target=\"_blank\"><\/a>            <\/div>\n        <\/div>\t\t\t\t<\/div>\n\t\t\t\t<\/div>\n\t\t\t\t<div class=\"elementor-element elementor-element-c295ad1 elementor-widget elementor-widget-cs_call_to_action\" data-id=\"c295ad1\" data-element_type=\"widget\" data-widget_type=\"cs_call_to_action.default\">\n\t\t\t\t<div class=\"elementor-widget-container\">\n\t\t\t\t\t\n\t\t<div class=\"cs-cta cta-layout-text-overlap content-middle text-center cta-hover-img-zoom\">\n            <div class=\"cs-cta-wrap\">\t\t               \t<div class=\"cs-cta-img\">\n\t\t                    <img decoding=\"async\" width=\"1080\" height=\"704\" src=\"https:\/\/termasdepanimavida.cl\/esp\/wp-content\/uploads\/2024\/06\/5-20-junio-al-7-julio-domingo-a-jueves-3.png\" class=\"attachment-full size-full wp-image-5986\" alt=\"\" srcset=\"https:\/\/termasdepanimavida.cl\/esp\/wp-content\/uploads\/2024\/06\/5-20-junio-al-7-julio-domingo-a-jueves-3.png 1080w, https:\/\/termasdepanimavida.cl\/esp\/wp-content\/uploads\/2024\/06\/5-20-junio-al-7-julio-domingo-a-jueves-3-300x196.png 300w, https:\/\/termasdepanimavida.cl\/esp\/wp-content\/uploads\/2024\/06\/5-20-junio-al-7-julio-domingo-a-jueves-3-1024x667.png 1024w, https:\/\/termasdepanimavida.cl\/esp\/wp-content\/uploads\/2024\/06\/5-20-junio-al-7-julio-domingo-a-jueves-3-768x501.png 768w, https:\/\/termasdepanimavida.cl\/esp\/wp-content\/uploads\/2024\/06\/5-20-junio-al-7-julio-domingo-a-jueves-3-780x508.png 780w, https:\/\/termasdepanimavida.cl\/esp\/wp-content\/uploads\/2024\/06\/5-20-junio-al-7-julio-domingo-a-jueves-3-600x391.png 600w, https:\/\/termasdepanimavida.cl\/esp\/wp-content\/uploads\/2024\/06\/5-20-junio-al-7-julio-domingo-a-jueves-3-550x359.png 550w, https:\/\/termasdepanimavida.cl\/esp\/wp-content\/uploads\/2024\/06\/5-20-junio-al-7-julio-domingo-a-jueves-3-370x241.png 370w, https:\/\/termasdepanimavida.cl\/esp\/wp-content\/uploads\/2024\/06\/5-20-junio-al-7-julio-domingo-a-jueves-3-255x166.png 255w, https:\/\/termasdepanimavida.cl\/esp\/wp-content\/uploads\/2024\/06\/5-20-junio-al-7-julio-domingo-a-jueves-3-150x98.png 150w\" sizes=\"(max-width: 1080px) 100vw, 1080px\" \/>\t\t                <\/div>                <div class=\"cs-cta-overlay\"><\/div>                \t<div class=\"cs-cta-label label-centered\">\n\t\t\t\t\t   <div class=\"cs-cta-label-text\">HABITACIONES<\/div>\n\t\t\t\t\t<\/div>\n                <div class=\"cs-cta-content\">\t\t\t<\/div>                <a class=\"cs-cta-link\" href=\"https:\/\/www.youtube.com\/watch?v=huk9pXmOfNc\" target=\"_blank\"><\/a>            <\/div>\n        <\/div>\t\t\t\t<\/div>\n\t\t\t\t<\/div>\n\t\t\t\t<div class=\"elementor-element elementor-element-a9e784f elementor-widget elementor-widget-cs_call_to_action\" data-id=\"a9e784f\" data-element_type=\"widget\" data-widget_type=\"cs_call_to_action.default\">\n\t\t\t\t<div class=\"elementor-widget-container\">\n\t\t\t\t\t\n\t\t<div class=\"cs-cta cta-layout-text-overlap content-middle text-center cta-hover-img-zoom\">\n            <div class=\"cs-cta-wrap\">\t\t               \t<div class=\"cs-cta-img\">\n\t\t                    <img decoding=\"async\" width=\"1080\" height=\"720\" src=\"https:\/\/termasdepanimavida.cl\/esp\/wp-content\/uploads\/2024\/04\/11-PROMOCION-SPA-1-GIFTCARD-MAYO.png\" class=\"attachment-full size-full wp-image-3801\" alt=\"\" srcset=\"https:\/\/termasdepanimavida.cl\/esp\/wp-content\/uploads\/2024\/04\/11-PROMOCION-SPA-1-GIFTCARD-MAYO.png 1080w, https:\/\/termasdepanimavida.cl\/esp\/wp-content\/uploads\/2024\/04\/11-PROMOCION-SPA-1-GIFTCARD-MAYO-300x200.png 300w, https:\/\/termasdepanimavida.cl\/esp\/wp-content\/uploads\/2024\/04\/11-PROMOCION-SPA-1-GIFTCARD-MAYO-1024x683.png 1024w, https:\/\/termasdepanimavida.cl\/esp\/wp-content\/uploads\/2024\/04\/11-PROMOCION-SPA-1-GIFTCARD-MAYO-768x512.png 768w, https:\/\/termasdepanimavida.cl\/esp\/wp-content\/uploads\/2024\/04\/11-PROMOCION-SPA-1-GIFTCARD-MAYO-780x520.png 780w, https:\/\/termasdepanimavida.cl\/esp\/wp-content\/uploads\/2024\/04\/11-PROMOCION-SPA-1-GIFTCARD-MAYO-600x400.png 600w, https:\/\/termasdepanimavida.cl\/esp\/wp-content\/uploads\/2024\/04\/11-PROMOCION-SPA-1-GIFTCARD-MAYO-550x367.png 550w, https:\/\/termasdepanimavida.cl\/esp\/wp-content\/uploads\/2024\/04\/11-PROMOCION-SPA-1-GIFTCARD-MAYO-370x247.png 370w, https:\/\/termasdepanimavida.cl\/esp\/wp-content\/uploads\/2024\/04\/11-PROMOCION-SPA-1-GIFTCARD-MAYO-255x170.png 255w, https:\/\/termasdepanimavida.cl\/esp\/wp-content\/uploads\/2024\/04\/11-PROMOCION-SPA-1-GIFTCARD-MAYO-150x100.png 150w\" sizes=\"(max-width: 1080px) 100vw, 1080px\" \/>\t\t                <\/div>                <div class=\"cs-cta-overlay\"><\/div>                \t<div class=\"cs-cta-label label-centered\">\n\t\t\t\t\t   <div class=\"cs-cta-label-text\">SPA - BIENESTAR<\/div>\n\t\t\t\t\t<\/div>\n                <div class=\"cs-cta-content\">\t\t\t<\/div>                <a class=\"cs-cta-link\" href=\"https:\/\/www.youtube.com\/watch?v=CWBe8LR-Y0M\" target=\"_blank\"><\/a>            <\/div>\n        <\/div>\t\t\t\t<\/div>\n\t\t\t\t<\/div>\n\t\t\t\t<div class=\"elementor-element elementor-element-23f9fa6 elementor-widget elementor-widget-cs_call_to_action\" data-id=\"23f9fa6\" data-element_type=\"widget\" data-widget_type=\"cs_call_to_action.default\">\n\t\t\t\t<div class=\"elementor-widget-container\">\n\t\t\t\t\t\n\t\t<div class=\"cs-cta cta-layout-text-overlap content-middle text-center cta-hover-img-zoom\">\n            <div class=\"cs-cta-wrap\">\t\t               \t<div class=\"cs-cta-img\">\n\t\t                    <img loading=\"lazy\" decoding=\"async\" width=\"1080\" height=\"720\" src=\"https:\/\/termasdepanimavida.cl\/esp\/wp-content\/uploads\/2024\/07\/13.png\" class=\"attachment-full size-full wp-image-6160\" alt=\"\" srcset=\"https:\/\/termasdepanimavida.cl\/esp\/wp-content\/uploads\/2024\/07\/13.png 1080w, https:\/\/termasdepanimavida.cl\/esp\/wp-content\/uploads\/2024\/07\/13-300x200.png 300w, https:\/\/termasdepanimavida.cl\/esp\/wp-content\/uploads\/2024\/07\/13-1024x683.png 1024w, https:\/\/termasdepanimavida.cl\/esp\/wp-content\/uploads\/2024\/07\/13-768x512.png 768w, https:\/\/termasdepanimavida.cl\/esp\/wp-content\/uploads\/2024\/07\/13-780x520.png 780w, https:\/\/termasdepanimavida.cl\/esp\/wp-content\/uploads\/2024\/07\/13-600x400.png 600w, https:\/\/termasdepanimavida.cl\/esp\/wp-content\/uploads\/2024\/07\/13-550x367.png 550w, https:\/\/termasdepanimavida.cl\/esp\/wp-content\/uploads\/2024\/07\/13-370x247.png 370w, https:\/\/termasdepanimavida.cl\/esp\/wp-content\/uploads\/2024\/07\/13-255x170.png 255w, https:\/\/termasdepanimavida.cl\/esp\/wp-content\/uploads\/2024\/07\/13-150x100.png 150w\" sizes=\"(max-width: 1080px) 100vw, 1080px\" \/>\t\t                <\/div>                <div class=\"cs-cta-overlay\"><\/div>                \t<div class=\"cs-cta-label label-centered\">\n\t\t\t\t\t   <div class=\"cs-cta-label-text\">JARDINES<\/div>\n\t\t\t\t\t<\/div>\n                <div class=\"cs-cta-content\">\t\t\t<\/div>                <a class=\"cs-cta-link\" href=\"https:\/\/www.youtube.com\/watch?v=_BuKqKxH94g\" target=\"_blank\"><\/a>            <\/div>\n        <\/div>\t\t\t\t<\/div>\n\t\t\t\t<\/div>\n\t\t\t\t<div class=\"elementor-element elementor-element-c3cbb71 elementor-widget elementor-widget-cs_call_to_action\" data-id=\"c3cbb71\" data-element_type=\"widget\" data-widget_type=\"cs_call_to_action.default\">\n\t\t\t\t<div class=\"elementor-widget-container\">\n\t\t\t\t\t\n\t\t<div class=\"cs-cta cta-layout-text-overlap content-middle text-center cta-hover-img-zoom\">\n            <div class=\"cs-cta-wrap\">\t\t               \t<div class=\"cs-cta-img\">\n\t\t                    <img loading=\"lazy\" decoding=\"async\" width=\"1080\" height=\"720\" src=\"https:\/\/termasdepanimavida.cl\/esp\/wp-content\/uploads\/2024\/04\/18-PISCINA-Y-ALIMENTACION.png\" class=\"attachment-full size-full wp-image-3808\" alt=\"\" srcset=\"https:\/\/termasdepanimavida.cl\/esp\/wp-content\/uploads\/2024\/04\/18-PISCINA-Y-ALIMENTACION.png 1080w, https:\/\/termasdepanimavida.cl\/esp\/wp-content\/uploads\/2024\/04\/18-PISCINA-Y-ALIMENTACION-300x200.png 300w, https:\/\/termasdepanimavida.cl\/esp\/wp-content\/uploads\/2024\/04\/18-PISCINA-Y-ALIMENTACION-1024x683.png 1024w, https:\/\/termasdepanimavida.cl\/esp\/wp-content\/uploads\/2024\/04\/18-PISCINA-Y-ALIMENTACION-768x512.png 768w, https:\/\/termasdepanimavida.cl\/esp\/wp-content\/uploads\/2024\/04\/18-PISCINA-Y-ALIMENTACION-780x520.png 780w, https:\/\/termasdepanimavida.cl\/esp\/wp-content\/uploads\/2024\/04\/18-PISCINA-Y-ALIMENTACION-600x400.png 600w, https:\/\/termasdepanimavida.cl\/esp\/wp-content\/uploads\/2024\/04\/18-PISCINA-Y-ALIMENTACION-550x367.png 550w, https:\/\/termasdepanimavida.cl\/esp\/wp-content\/uploads\/2024\/04\/18-PISCINA-Y-ALIMENTACION-370x247.png 370w, https:\/\/termasdepanimavida.cl\/esp\/wp-content\/uploads\/2024\/04\/18-PISCINA-Y-ALIMENTACION-255x170.png 255w, https:\/\/termasdepanimavida.cl\/esp\/wp-content\/uploads\/2024\/04\/18-PISCINA-Y-ALIMENTACION-150x100.png 150w\" sizes=\"(max-width: 1080px) 100vw, 1080px\" \/>\t\t                <\/div>                <div class=\"cs-cta-overlay\"><\/div>                \t<div class=\"cs-cta-label label-centered\">\n\t\t\t\t\t   <div class=\"cs-cta-label-text\">PISCINAS termales<\/div>\n\t\t\t\t\t<\/div>\n                <div class=\"cs-cta-content\">\t\t\t<\/div>                <a class=\"cs-cta-link\" href=\"https:\/\/www.youtube.com\/watch?v=oqeTlyDq5KQ\" target=\"_blank\"><\/a>            <\/div>\n        <\/div>\t\t\t\t<\/div>\n\t\t\t\t<\/div>\n\t\t\t\t<div class=\"elementor-element elementor-element-aa85322 elementor-widget elementor-widget-cs_call_to_action\" data-id=\"aa85322\" data-element_type=\"widget\" data-widget_type=\"cs_call_to_action.default\">\n\t\t\t\t<div class=\"elementor-widget-container\">\n\t\t\t\t\t\n\t\t<div class=\"cs-cta cta-layout-text-overlap content-middle text-center cta-hover-img-zoom\">\n            <div class=\"cs-cta-wrap\">\t\t               \t<div class=\"cs-cta-img\">\n\t\t                    <img loading=\"lazy\" decoding=\"async\" width=\"1080\" height=\"704\" src=\"https:\/\/termasdepanimavida.cl\/esp\/wp-content\/uploads\/2024\/06\/3-1-al-19-junio-tercera-edad-2.png\" class=\"attachment-full size-full wp-image-5250\" alt=\"\" srcset=\"https:\/\/termasdepanimavida.cl\/esp\/wp-content\/uploads\/2024\/06\/3-1-al-19-junio-tercera-edad-2.png 1080w, https:\/\/termasdepanimavida.cl\/esp\/wp-content\/uploads\/2024\/06\/3-1-al-19-junio-tercera-edad-2-300x196.png 300w, https:\/\/termasdepanimavida.cl\/esp\/wp-content\/uploads\/2024\/06\/3-1-al-19-junio-tercera-edad-2-1024x667.png 1024w, https:\/\/termasdepanimavida.cl\/esp\/wp-content\/uploads\/2024\/06\/3-1-al-19-junio-tercera-edad-2-768x501.png 768w, https:\/\/termasdepanimavida.cl\/esp\/wp-content\/uploads\/2024\/06\/3-1-al-19-junio-tercera-edad-2-780x508.png 780w, https:\/\/termasdepanimavida.cl\/esp\/wp-content\/uploads\/2024\/06\/3-1-al-19-junio-tercera-edad-2-600x391.png 600w, https:\/\/termasdepanimavida.cl\/esp\/wp-content\/uploads\/2024\/06\/3-1-al-19-junio-tercera-edad-2-550x359.png 550w, https:\/\/termasdepanimavida.cl\/esp\/wp-content\/uploads\/2024\/06\/3-1-al-19-junio-tercera-edad-2-370x241.png 370w, https:\/\/termasdepanimavida.cl\/esp\/wp-content\/uploads\/2024\/06\/3-1-al-19-junio-tercera-edad-2-255x166.png 255w, https:\/\/termasdepanimavida.cl\/esp\/wp-content\/uploads\/2024\/06\/3-1-al-19-junio-tercera-edad-2-150x98.png 150w\" sizes=\"(max-width: 1080px) 100vw, 1080px\" \/>\t\t                <\/div>                <div class=\"cs-cta-overlay\"><\/div>                \t<div class=\"cs-cta-label label-centered\">\n\t\t\t\t\t   <div class=\"cs-cta-label-text\">EVENTOS<\/div>\n\t\t\t\t\t<\/div>\n                <div class=\"cs-cta-content\">\t\t\t<\/div>                <a class=\"cs-cta-link\" href=\"https:\/\/www.youtube.com\/watch?v=p6Fs6w8kW_M\" target=\"_blank\"><\/a>            <\/div>\n        <\/div>\t\t\t\t<\/div>\n\t\t\t\t<\/div>\n\t\t\t\t\t<\/div>\n\t\t\t\t<\/div>\n\t\t\t\t<\/div>\n\t\t","protected":false},"excerpt":{"rendered":"<p>Vive tu pr\u00f3xima experiencia con nosotros. GASTRONOM\u00cdA HABITACIONES SPA &#8211; BIENESTAR JARDINES PISCINAS termales EVENTOS<\/p>\n","protected":false},"author":1,"featured_media":0,"parent":0,"menu_order":0,"comment_status":"closed","ping_status":"closed","template":"elementor_header_footer","meta":{"_monsterinsights_skip_tracking":false,"_monsterinsights_sitenote_active":false,"_monsterinsights_sitenote_note":"","_monsterinsights_sitenote_category":0,"cozystay_single_page_hide_site_header":"","cozystay_single_page_site_header_source":"","cozystay_single_page_custom_site_header":"0","cozystay_single_page_custom_sticky_site_header":"0","cozystay_single_page_hide_page_title":"","cozystay_single_page_header_section_size":"","cozystay_single_page_header_background_color":"","cozystay_single_page_header_background_position_x":"center","cozystay_single_page_header_background_position_y":"center","cozystay_single_page_header_background_size":"cover","cozystay_single_page_header_background_repeat":"off","cozystay_single_page_header_background_scroll":"on","cozystay_single_page_header_text_color":"","cozystay_single_page_header_show_breadcrumb":"","cozystay_single_page_site_footer_hide_main":"","cozystay_single_custom_site_footer_main_source":"","cozystay_single_custom_site_footer_main":"0","cozystay_single_page_site_footer_hide_above":"","cozystay_single_custom_site_footer_above_source":"","cozystay_single_custom_site_footer_above":"0","cozystay_single_page_site_footer_hide_instagram":"","cozystay_single_page_site_footer_hide_bottom":"","cozystay_single_custom_mobile_menu_source":"","cozystay_single_custom_mobile_menu":"0","cozystay_single_custom_mobile_menu_animation":"","cozystay_single_custom_mobile_menu_width":"","cozystay_single_custom_mobile_menu_custom_width":375,"footnotes":""},"class_list":["post-8287","page","type-page","status-publish","hentry"],"aioseo_notices":[],"yoast_head":"<!-- This site is optimized with the Yoast SEO plugin v25.9 - https:\/\/yoast.com\/wordpress\/plugins\/seo\/ -->\n<title>experiencias - Termas de P\u00e1nimavida<\/title>\n<meta name=\"robots\" content=\"index, follow, max-snippet:-1, max-image-preview:large, max-video-preview:-1\" \/>\n<link rel=\"canonical\" href=\"https:\/\/termasdepanimavida.cl\/esp\/experiencias\/\" \/>\n<meta property=\"og:locale\" content=\"es_ES\" \/>\n<meta property=\"og:type\" content=\"article\" \/>\n<meta property=\"og:title\" content=\"experiencias - Termas de P\u00e1nimavida\" \/>\n<meta property=\"og:description\" content=\"Vive tu pr\u00f3xima experiencia con nosotros. GASTRONOM\u00cdA HABITACIONES SPA &#8211; BIENESTAR JARDINES PISCINAS termales EVENTOS\" \/>\n<meta property=\"og:url\" content=\"https:\/\/termasdepanimavida.cl\/esp\/experiencias\/\" \/>\n<meta property=\"og:site_name\" content=\"Termas de P\u00e1nimavida\" \/>\n<meta property=\"article:publisher\" content=\"https:\/\/www.facebook.com\/termasdepanimavida.cl\" \/>\n<meta property=\"article:modified_time\" content=\"2025-05-14T19:09:08+00:00\" \/>\n<meta property=\"og:image\" content=\"https:\/\/termasdepanimavida.cl\/2025\/wp-content\/uploads\/2024\/04\/DSC_4376-scaled.jpg\" \/>\n<meta name=\"twitter:card\" content=\"summary_large_image\" \/>\n<meta name=\"twitter:label1\" content=\"Tiempo de lectura\" \/>\n\t<meta name=\"twitter:data1\" content=\"2 minutos\" \/>\n<script type=\"application\/ld+json\" class=\"yoast-schema-graph\">{\"@context\":\"https:\/\/schema.org\",\"@graph\":[{\"@type\":\"WebPage\",\"@id\":\"https:\/\/termasdepanimavida.cl\/esp\/experiencias\/\",\"url\":\"https:\/\/termasdepanimavida.cl\/esp\/experiencias\/\",\"name\":\"experiencias - Termas de P\u00e1nimavida\",\"isPartOf\":{\"@id\":\"https:\/\/termasdepanimavida.cl\/esp\/#website\"},\"primaryImageOfPage\":{\"@id\":\"https:\/\/termasdepanimavida.cl\/esp\/experiencias\/#primaryimage\"},\"image\":{\"@id\":\"https:\/\/termasdepanimavida.cl\/esp\/experiencias\/#primaryimage\"},\"thumbnailUrl\":\"https:\/\/termasdepanimavida.cl\/2025\/wp-content\/uploads\/2024\/04\/DSC_4376-scaled.jpg\",\"datePublished\":\"2024-10-28T14:19:50+00:00\",\"dateModified\":\"2025-05-14T19:09:08+00:00\",\"breadcrumb\":{\"@id\":\"https:\/\/termasdepanimavida.cl\/esp\/experiencias\/#breadcrumb\"},\"inLanguage\":\"es\",\"potentialAction\":[{\"@type\":\"ReadAction\",\"target\":[\"https:\/\/termasdepanimavida.cl\/esp\/experiencias\/\"]}]},{\"@type\":\"ImageObject\",\"inLanguage\":\"es\",\"@id\":\"https:\/\/termasdepanimavida.cl\/esp\/experiencias\/#primaryimage\",\"url\":\"https:\/\/termasdepanimavida.cl\/2025\/wp-content\/uploads\/2024\/04\/DSC_4376-scaled.jpg\",\"contentUrl\":\"https:\/\/termasdepanimavida.cl\/2025\/wp-content\/uploads\/2024\/04\/DSC_4376-scaled.jpg\"},{\"@type\":\"BreadcrumbList\",\"@id\":\"https:\/\/termasdepanimavida.cl\/esp\/experiencias\/#breadcrumb\",\"itemListElement\":[{\"@type\":\"ListItem\",\"position\":1,\"name\":\"Inicio\",\"item\":\"https:\/\/termasdepanimavida.cl\/esp\/\"},{\"@type\":\"ListItem\",\"position\":2,\"name\":\"experiencias\"}]},{\"@type\":\"WebSite\",\"@id\":\"https:\/\/termasdepanimavida.cl\/esp\/#website\",\"url\":\"https:\/\/termasdepanimavida.cl\/esp\/\",\"name\":\"Termas de P\u00e1nimavida\",\"description\":\"\",\"publisher\":{\"@id\":\"https:\/\/termasdepanimavida.cl\/esp\/#organization\"},\"potentialAction\":[{\"@type\":\"SearchAction\",\"target\":{\"@type\":\"EntryPoint\",\"urlTemplate\":\"https:\/\/termasdepanimavida.cl\/esp\/?s={search_term_string}\"},\"query-input\":{\"@type\":\"PropertyValueSpecification\",\"valueRequired\":true,\"valueName\":\"search_term_string\"}}],\"inLanguage\":\"es\"},{\"@type\":\"Organization\",\"@id\":\"https:\/\/termasdepanimavida.cl\/esp\/#organization\",\"name\":\"Termas de P\u00e1nimavida\",\"url\":\"https:\/\/termasdepanimavida.cl\/esp\/\",\"logo\":{\"@type\":\"ImageObject\",\"inLanguage\":\"es\",\"@id\":\"https:\/\/termasdepanimavida.cl\/esp\/#\/schema\/logo\/image\/\",\"url\":\"https:\/\/termasdepanimavida.cl\/2024\/wp-content\/uploads\/2024\/03\/Logotipo_Amarillo-copia.png\",\"contentUrl\":\"https:\/\/termasdepanimavida.cl\/2024\/wp-content\/uploads\/2024\/03\/Logotipo_Amarillo-copia.png\",\"width\":1080,\"height\":589,\"caption\":\"Termas de P\u00e1nimavida\"},\"image\":{\"@id\":\"https:\/\/termasdepanimavida.cl\/esp\/#\/schema\/logo\/image\/\"},\"sameAs\":[\"https:\/\/www.facebook.com\/termasdepanimavida.cl\",\"https:\/\/www.instagram.com\/termasdepanimavida.cl\/\",\"https:\/\/www.youtube.com\/@termasdepanimavida1822\"]}]}<\/script>\n<!-- \/ Yoast SEO plugin. -->","yoast_head_json":{"title":"experiencias - Termas de P\u00e1nimavida","robots":{"index":"index","follow":"follow","max-snippet":"max-snippet:-1","max-image-preview":"max-image-preview:large","max-video-preview":"max-video-preview:-1"},"canonical":"https:\/\/termasdepanimavida.cl\/esp\/experiencias\/","og_locale":"es_ES","og_type":"article","og_title":"experiencias - Termas de P\u00e1nimavida","og_description":"Vive tu pr\u00f3xima experiencia con nosotros. GASTRONOM\u00cdA HABITACIONES SPA &#8211; BIENESTAR JARDINES PISCINAS termales EVENTOS","og_url":"https:\/\/termasdepanimavida.cl\/esp\/experiencias\/","og_site_name":"Termas de P\u00e1nimavida","article_publisher":"https:\/\/www.facebook.com\/termasdepanimavida.cl","article_modified_time":"2025-05-14T19:09:08+00:00","og_image":[{"url":"https:\/\/termasdepanimavida.cl\/2025\/wp-content\/uploads\/2024\/04\/DSC_4376-scaled.jpg","type":"","width":"","height":""}],"twitter_card":"summary_large_image","twitter_misc":{"Tiempo de lectura":"2 minutos"},"schema":{"@context":"https:\/\/schema.org","@graph":[{"@type":"WebPage","@id":"https:\/\/termasdepanimavida.cl\/esp\/experiencias\/","url":"https:\/\/termasdepanimavida.cl\/esp\/experiencias\/","name":"experiencias - Termas de P\u00e1nimavida","isPartOf":{"@id":"https:\/\/termasdepanimavida.cl\/esp\/#website"},"primaryImageOfPage":{"@id":"https:\/\/termasdepanimavida.cl\/esp\/experiencias\/#primaryimage"},"image":{"@id":"https:\/\/termasdepanimavida.cl\/esp\/experiencias\/#primaryimage"},"thumbnailUrl":"https:\/\/termasdepanimavida.cl\/2025\/wp-content\/uploads\/2024\/04\/DSC_4376-scaled.jpg","datePublished":"2024-10-28T14:19:50+00:00","dateModified":"2025-05-14T19:09:08+00:00","breadcrumb":{"@id":"https:\/\/termasdepanimavida.cl\/esp\/experiencias\/#breadcrumb"},"inLanguage":"es","potentialAction":[{"@type":"ReadAction","target":["https:\/\/termasdepanimavida.cl\/esp\/experiencias\/"]}]},{"@type":"ImageObject","inLanguage":"es","@id":"https:\/\/termasdepanimavida.cl\/esp\/experiencias\/#primaryimage","url":"https:\/\/termasdepanimavida.cl\/2025\/wp-content\/uploads\/2024\/04\/DSC_4376-scaled.jpg","contentUrl":"https:\/\/termasdepanimavida.cl\/2025\/wp-content\/uploads\/2024\/04\/DSC_4376-scaled.jpg"},{"@type":"BreadcrumbList","@id":"https:\/\/termasdepanimavida.cl\/esp\/experiencias\/#breadcrumb","itemListElement":[{"@type":"ListItem","position":1,"name":"Inicio","item":"https:\/\/termasdepanimavida.cl\/esp\/"},{"@type":"ListItem","position":2,"name":"experiencias"}]},{"@type":"WebSite","@id":"https:\/\/termasdepanimavida.cl\/esp\/#website","url":"https:\/\/termasdepanimavida.cl\/esp\/","name":"Termas de P\u00e1nimavida","description":"","publisher":{"@id":"https:\/\/termasdepanimavida.cl\/esp\/#organization"},"potentialAction":[{"@type":"SearchAction","target":{"@type":"EntryPoint","urlTemplate":"https:\/\/termasdepanimavida.cl\/esp\/?s={search_term_string}"},"query-input":{"@type":"PropertyValueSpecification","valueRequired":true,"valueName":"search_term_string"}}],"inLanguage":"es"},{"@type":"Organization","@id":"https:\/\/termasdepanimavida.cl\/esp\/#organization","name":"Termas de P\u00e1nimavida","url":"https:\/\/termasdepanimavida.cl\/esp\/","logo":{"@type":"ImageObject","inLanguage":"es","@id":"https:\/\/termasdepanimavida.cl\/esp\/#\/schema\/logo\/image\/","url":"https:\/\/termasdepanimavida.cl\/2024\/wp-content\/uploads\/2024\/03\/Logotipo_Amarillo-copia.png","contentUrl":"https:\/\/termasdepanimavida.cl\/2024\/wp-content\/uploads\/2024\/03\/Logotipo_Amarillo-copia.png","width":1080,"height":589,"caption":"Termas de P\u00e1nimavida"},"image":{"@id":"https:\/\/termasdepanimavida.cl\/esp\/#\/schema\/logo\/image\/"},"sameAs":["https:\/\/www.facebook.com\/termasdepanimavida.cl","https:\/\/www.instagram.com\/termasdepanimavida.cl\/","https:\/\/www.youtube.com\/@termasdepanimavida1822"]}]}},"_links":{"self":[{"href":"https:\/\/termasdepanimavida.cl\/esp\/wp-json\/wp\/v2\/pages\/8287","targetHints":{"allow":["GET"]}}],"collection":[{"href":"https:\/\/termasdepanimavida.cl\/esp\/wp-json\/wp\/v2\/pages"}],"about":[{"href":"https:\/\/termasdepanimavida.cl\/esp\/wp-json\/wp\/v2\/types\/page"}],"author":[{"embeddable":true,"href":"https:\/\/termasdepanimavida.cl\/esp\/wp-json\/wp\/v2\/users\/1"}],"replies":[{"embeddable":true,"href":"https:\/\/termasdepanimavida.cl\/esp\/wp-json\/wp\/v2\/comments?post=8287"}],"version-history":[{"count":82,"href":"https:\/\/termasdepanimavida.cl\/esp\/wp-json\/wp\/v2\/pages\/8287\/revisions"}],"predecessor-version":[{"id":10991,"href":"https:\/\/termasdepanimavida.cl\/esp\/wp-json\/wp\/v2\/pages\/8287\/revisions\/10991"}],"wp:attachment":[{"href":"https:\/\/termasdepanimavida.cl\/esp\/wp-json\/wp\/v2\/media?parent=8287"}],"curies":[{"name":"wp","href":"https:\/\/api.w.org\/{rel}","templated":true}]}}